{"id":3025,"date":"2023-06-18T10:32:47","date_gmt":"2023-06-18T08:32:47","guid":{"rendered":"https:\/\/mixme.pl\/produkt\/strainer-professional-sitko-barmanskie-do-shakera-lub-szklanicy\/"},"modified":"2025-11-25T16:51:25","modified_gmt":"2025-11-25T15:51:25","slug":"strainer-professional-sitko-barmanskie-do-shakera-lub-szklanicy","status":"publish","type":"product","link":"https:\/\/mixme.pl\/en\/produkt\/strainer-professional-sitko-barmanskie-do-shakera-lub-szklanicy\/","title":{"rendered":"Strainer Professional &#8211; Bartender strainer for shaker or mixing glass"},"content":{"rendered":"<div>It has protruding elements allowing it to be hung on the rim of a mixing glass or shaker.<\/div>\n<div>Relatively heavy and solid, fits most mixing glasses and shakers, filling them to the brim.<\/div>\n<div><\/div>\n<div>Made of stainless steel.<\/div>\n<div>Dimensions: length 19 cm, width 10 cm<\/div>\n","protected":false},"excerpt":{"rendered":"<div>Quality strainer used for straining cocktails from a shaker or mixing glass. It has a dense and\u2026 ","protected":false},"featured_media":2810,"template":"","meta":{"_acf_changed":false,"pgc_sgb_lightbox_settings":""},"product_brand":[],"product_cat":[180,173],"product_tag":[],"class_list":{"0":"post-3025","1":"product","2":"type-product","3":"status-publish","4":"has-post-thumbnail","6":"product_cat-bartender-strainers","7":"product_cat-bartending-equipment","9":"first","10":"instock","11":"taxable","12":"shipping-taxable","13":"purchasable","14":"product-type-simple"},"acf":[],"yoast_head":"<!-- This site is optimized with the Yoast SEO plugin v26.4 - https:\/\/yoast.com\/wordpress\/plugins\/seo\/ -->\n<title>Strainer Professional - Bartender strainer for shaker or mixing glass - Mix Me<\/title>\n<meta name=\"description\" content=\"Strainer, profesjonalne sitko barma\u0144skie do shakera dwu cz\u0119\u015bciowego. Idealnie wype\u0142nia ca\u0142y otw\u00f3r shakera, a g\u0119sta spr\u0119\u017cyna dobrze przecedza koktajl od lodu\" \/>\n<meta name=\"robots\" content=\"index, follow, max-snippet:-1, max-image-preview:large, max-video-preview:-1\" \/>\n<link rel=\"canonical\" href=\"https:\/\/mixme.pl\/en\/produkt\/strainer-professional-sitko-barmanskie-do-shakera-lub-szklanicy\/\" \/>\n<meta property=\"og:locale\" content=\"en_US\" \/>\n<meta property=\"og:type\" content=\"article\" \/>\n<meta property=\"og:title\" content=\"Strainer Professional - Bartender strainer for shaker or mixing glass - Mix Me\" \/>\n<meta property=\"og:description\" content=\"Strainer, profesjonalne sitko barma\u0144skie do shakera dwu cz\u0119\u015bciowego. Idealnie wype\u0142nia ca\u0142y otw\u00f3r shakera, a g\u0119sta spr\u0119\u017cyna dobrze przecedza koktajl od lodu\" \/>\n<meta property=\"og:url\" content=\"https:\/\/mixme.pl\/en\/produkt\/strainer-professional-sitko-barmanskie-do-shakera-lub-szklanicy\/\" \/>\n<meta property=\"og:site_name\" content=\"Mix Me\" \/>\n<meta property=\"article:publisher\" content=\"https:\/\/www.facebook.com\/profile.php?id=100084374207899\" \/>\n<meta property=\"article:modified_time\" content=\"2025-11-25T15:51:25+00:00\" \/>\n<meta property=\"og:image\" content=\"https:\/\/mixme.pl\/wp-content\/uploads\/2024\/02\/12420_Heavy-Strainer_Edelstahl-1.webp\" \/>\n\t<meta property=\"og:image:width\" content=\"854\" \/>\n\t<meta property=\"og:image:height\" content=\"1088\" \/>\n\t<meta property=\"og:image:type\" content=\"image\/webp\" \/>\n<meta name=\"twitter:card\" content=\"summary_large_image\" \/>\n<meta name=\"twitter:label1\" content=\"Est. reading time\" \/>\n\t<meta name=\"twitter:data1\" content=\"1 minute\" \/>\n<script type=\"application\/ld+json\" class=\"yoast-schema-graph\">{\"@context\":\"https:\/\/schema.org\",\"@graph\":[{\"@type\":\"WebPage\",\"@id\":\"https:\/\/mixme.pl\/en\/produkt\/strainer-professional-sitko-barmanskie-do-shakera-lub-szklanicy\/\",\"url\":\"https:\/\/mixme.pl\/en\/produkt\/strainer-professional-sitko-barmanskie-do-shakera-lub-szklanicy\/\",\"name\":\"Strainer Professional - Bartender strainer for shaker or mixing glass - Mix Me\",\"isPartOf\":{\"@id\":\"https:\/\/mixme.pl\/en\/#website\"},\"primaryImageOfPage\":{\"@id\":\"https:\/\/mixme.pl\/en\/produkt\/strainer-professional-sitko-barmanskie-do-shakera-lub-szklanicy\/#primaryimage\"},\"image\":{\"@id\":\"https:\/\/mixme.pl\/en\/produkt\/strainer-professional-sitko-barmanskie-do-shakera-lub-szklanicy\/#primaryimage\"},\"thumbnailUrl\":\"https:\/\/mixme.pl\/wp-content\/uploads\/2024\/02\/12420_Heavy-Strainer_Edelstahl-1.webp\",\"datePublished\":\"2023-06-18T08:32:47+00:00\",\"dateModified\":\"2025-11-25T15:51:25+00:00\",\"description\":\"Strainer, profesjonalne sitko barma\u0144skie do shakera dwu cz\u0119\u015bciowego. Idealnie wype\u0142nia ca\u0142y otw\u00f3r shakera, a g\u0119sta spr\u0119\u017cyna dobrze przecedza koktajl od lodu\",\"breadcrumb\":{\"@id\":\"https:\/\/mixme.pl\/en\/produkt\/strainer-professional-sitko-barmanskie-do-shakera-lub-szklanicy\/#breadcrumb\"},\"inLanguage\":\"en-US\",\"potentialAction\":[{\"@type\":\"ReadAction\",\"target\":[\"https:\/\/mixme.pl\/en\/produkt\/strainer-professional-sitko-barmanskie-do-shakera-lub-szklanicy\/\"]}]},{\"@type\":\"ImageObject\",\"inLanguage\":\"en-US\",\"@id\":\"https:\/\/mixme.pl\/en\/produkt\/strainer-professional-sitko-barmanskie-do-shakera-lub-szklanicy\/#primaryimage\",\"url\":\"https:\/\/mixme.pl\/wp-content\/uploads\/2024\/02\/12420_Heavy-Strainer_Edelstahl-1.webp\",\"contentUrl\":\"https:\/\/mixme.pl\/wp-content\/uploads\/2024\/02\/12420_Heavy-Strainer_Edelstahl-1.webp\",\"width\":854,\"height\":1088},{\"@type\":\"BreadcrumbList\",\"@id\":\"https:\/\/mixme.pl\/en\/produkt\/strainer-professional-sitko-barmanskie-do-shakera-lub-szklanicy\/#breadcrumb\",\"itemListElement\":[{\"@type\":\"ListItem\",\"position\":1,\"name\":\"Strona g\u0142\u00f3wna\",\"item\":\"https:\/\/mixme.pl\/en\/\"},{\"@type\":\"ListItem\",\"position\":2,\"name\":\"Products\",\"item\":\"https:\/\/mixme.pl\/en\/shop\/\"},{\"@type\":\"ListItem\",\"position\":3,\"name\":\"Strainer Professional &#8211; Bartender strainer for shaker or mixing glass\"}]},{\"@type\":\"WebSite\",\"@id\":\"https:\/\/mixme.pl\/en\/#website\",\"url\":\"https:\/\/mixme.pl\/en\/\",\"name\":\"Mix Me\",\"description\":\"Baw si\u0119 smakiem!\",\"publisher\":{\"@id\":\"https:\/\/mixme.pl\/en\/#organization\"},\"potentialAction\":[{\"@type\":\"SearchAction\",\"target\":{\"@type\":\"EntryPoint\",\"urlTemplate\":\"https:\/\/mixme.pl\/en\/?s={search_term_string}\"},\"query-input\":{\"@type\":\"PropertyValueSpecification\",\"valueRequired\":true,\"valueName\":\"search_term_string\"}}],\"inLanguage\":\"en-US\"},{\"@type\":\"Organization\",\"@id\":\"https:\/\/mixme.pl\/en\/#organization\",\"name\":\"Mix Me\",\"url\":\"https:\/\/mixme.pl\/en\/\",\"logo\":{\"@type\":\"ImageObject\",\"inLanguage\":\"en-US\",\"@id\":\"https:\/\/mixme.pl\/en\/#\/schema\/logo\/image\/\",\"url\":\"https:\/\/mixme.pl\/wp-content\/uploads\/2023\/06\/logo_menu.svg\",\"contentUrl\":\"https:\/\/mixme.pl\/wp-content\/uploads\/2023\/06\/logo_menu.svg\",\"width\":150,\"height\":31,\"caption\":\"Mix Me\"},\"image\":{\"@id\":\"https:\/\/mixme.pl\/en\/#\/schema\/logo\/image\/\"},\"sameAs\":[\"https:\/\/www.facebook.com\/profile.php?id=100084374207899\"]}]}<\/script>\n<!-- \/ Yoast SEO plugin. -->","yoast_head_json":{"title":"Strainer Professional - Bartender strainer for shaker or mixing glass - Mix Me","description":"Strainer, profesjonalne sitko barma\u0144skie do shakera dwu cz\u0119\u015bciowego. Idealnie wype\u0142nia ca\u0142y otw\u00f3r shakera, a g\u0119sta spr\u0119\u017cyna dobrze przecedza koktajl od lodu","robots":{"index":"index","follow":"follow","max-snippet":"max-snippet:-1","max-image-preview":"max-image-preview:large","max-video-preview":"max-video-preview:-1"},"canonical":"https:\/\/mixme.pl\/en\/produkt\/strainer-professional-sitko-barmanskie-do-shakera-lub-szklanicy\/","og_locale":"en_US","og_type":"article","og_title":"Strainer Professional - Bartender strainer for shaker or mixing glass - Mix Me","og_description":"Strainer, profesjonalne sitko barma\u0144skie do shakera dwu cz\u0119\u015bciowego. Idealnie wype\u0142nia ca\u0142y otw\u00f3r shakera, a g\u0119sta spr\u0119\u017cyna dobrze przecedza koktajl od lodu","og_url":"https:\/\/mixme.pl\/en\/produkt\/strainer-professional-sitko-barmanskie-do-shakera-lub-szklanicy\/","og_site_name":"Mix Me","article_publisher":"https:\/\/www.facebook.com\/profile.php?id=100084374207899","article_modified_time":"2025-11-25T15:51:25+00:00","og_image":[{"width":854,"height":1088,"url":"https:\/\/mixme.pl\/wp-content\/uploads\/2024\/02\/12420_Heavy-Strainer_Edelstahl-1.webp","type":"image\/webp"}],"twitter_card":"summary_large_image","twitter_misc":{"Est. reading time":"1 minute"},"schema":{"@context":"https:\/\/schema.org","@graph":[{"@type":"WebPage","@id":"https:\/\/mixme.pl\/en\/produkt\/strainer-professional-sitko-barmanskie-do-shakera-lub-szklanicy\/","url":"https:\/\/mixme.pl\/en\/produkt\/strainer-professional-sitko-barmanskie-do-shakera-lub-szklanicy\/","name":"Strainer Professional - Bartender strainer for shaker or mixing glass - Mix Me","isPartOf":{"@id":"https:\/\/mixme.pl\/en\/#website"},"primaryImageOfPage":{"@id":"https:\/\/mixme.pl\/en\/produkt\/strainer-professional-sitko-barmanskie-do-shakera-lub-szklanicy\/#primaryimage"},"image":{"@id":"https:\/\/mixme.pl\/en\/produkt\/strainer-professional-sitko-barmanskie-do-shakera-lub-szklanicy\/#primaryimage"},"thumbnailUrl":"https:\/\/mixme.pl\/wp-content\/uploads\/2024\/02\/12420_Heavy-Strainer_Edelstahl-1.webp","datePublished":"2023-06-18T08:32:47+00:00","dateModified":"2025-11-25T15:51:25+00:00","description":"Strainer, profesjonalne sitko barma\u0144skie do shakera dwu cz\u0119\u015bciowego. Idealnie wype\u0142nia ca\u0142y otw\u00f3r shakera, a g\u0119sta spr\u0119\u017cyna dobrze przecedza koktajl od lodu","breadcrumb":{"@id":"https:\/\/mixme.pl\/en\/produkt\/strainer-professional-sitko-barmanskie-do-shakera-lub-szklanicy\/#breadcrumb"},"inLanguage":"en-US","potentialAction":[{"@type":"ReadAction","target":["https:\/\/mixme.pl\/en\/produkt\/strainer-professional-sitko-barmanskie-do-shakera-lub-szklanicy\/"]}]},{"@type":"ImageObject","inLanguage":"en-US","@id":"https:\/\/mixme.pl\/en\/produkt\/strainer-professional-sitko-barmanskie-do-shakera-lub-szklanicy\/#primaryimage","url":"https:\/\/mixme.pl\/wp-content\/uploads\/2024\/02\/12420_Heavy-Strainer_Edelstahl-1.webp","contentUrl":"https:\/\/mixme.pl\/wp-content\/uploads\/2024\/02\/12420_Heavy-Strainer_Edelstahl-1.webp","width":854,"height":1088},{"@type":"BreadcrumbList","@id":"https:\/\/mixme.pl\/en\/produkt\/strainer-professional-sitko-barmanskie-do-shakera-lub-szklanicy\/#breadcrumb","itemListElement":[{"@type":"ListItem","position":1,"name":"Strona g\u0142\u00f3wna","item":"https:\/\/mixme.pl\/en\/"},{"@type":"ListItem","position":2,"name":"Products","item":"https:\/\/mixme.pl\/en\/shop\/"},{"@type":"ListItem","position":3,"name":"Strainer Professional &#8211; Bartender strainer for shaker or mixing glass"}]},{"@type":"WebSite","@id":"https:\/\/mixme.pl\/en\/#website","url":"https:\/\/mixme.pl\/en\/","name":"Mix Me","description":"Baw si\u0119 smakiem!","publisher":{"@id":"https:\/\/mixme.pl\/en\/#organization"},"potentialAction":[{"@type":"SearchAction","target":{"@type":"EntryPoint","urlTemplate":"https:\/\/mixme.pl\/en\/?s={search_term_string}"},"query-input":{"@type":"PropertyValueSpecification","valueRequired":true,"valueName":"search_term_string"}}],"inLanguage":"en-US"},{"@type":"Organization","@id":"https:\/\/mixme.pl\/en\/#organization","name":"Mix Me","url":"https:\/\/mixme.pl\/en\/","logo":{"@type":"ImageObject","inLanguage":"en-US","@id":"https:\/\/mixme.pl\/en\/#\/schema\/logo\/image\/","url":"https:\/\/mixme.pl\/wp-content\/uploads\/2023\/06\/logo_menu.svg","contentUrl":"https:\/\/mixme.pl\/wp-content\/uploads\/2023\/06\/logo_menu.svg","width":150,"height":31,"caption":"Mix Me"},"image":{"@id":"https:\/\/mixme.pl\/en\/#\/schema\/logo\/image\/"},"sameAs":["https:\/\/www.facebook.com\/profile.php?id=100084374207899"]}]}},"_links":{"self":[{"href":"https:\/\/mixme.pl\/en\/wp-json\/wp\/v2\/product\/3025","targetHints":{"allow":["GET"]}}],"collection":[{"href":"https:\/\/mixme.pl\/en\/wp-json\/wp\/v2\/product"}],"about":[{"href":"https:\/\/mixme.pl\/en\/wp-json\/wp\/v2\/types\/product"}],"wp:featuredmedia":[{"embeddable":true,"href":"https:\/\/mixme.pl\/en\/wp-json\/wp\/v2\/media\/2810"}],"wp:attachment":[{"href":"https:\/\/mixme.pl\/en\/wp-json\/wp\/v2\/media?parent=3025"}],"wp:term":[{"taxonomy":"product_brand","embeddable":true,"href":"https:\/\/mixme.pl\/en\/wp-json\/wp\/v2\/product_brand?post=3025"},{"taxonomy":"product_cat","embeddable":true,"href":"https:\/\/mixme.pl\/en\/wp-json\/wp\/v2\/product_cat?post=3025"},{"taxonomy":"product_tag","embeddable":true,"href":"https:\/\/mixme.pl\/en\/wp-json\/wp\/v2\/product_tag?post=3025"}],"curies":[{"name":"wp","href":"https:\/\/api.w.org\/{rel}","templated":true}]}}