{"id":2971,"date":"2023-07-24T14:00:20","date_gmt":"2023-07-24T12:00:20","guid":{"rendered":"https:\/\/mixme.pl\/produkt\/zestaw-barmanski-do-drinkow-spritz\/"},"modified":"2025-11-25T16:51:31","modified_gmt":"2025-11-25T15:51:31","slug":"zestaw-barmanski-do-drinkow-spritz","status":"publish","type":"product","link":"https:\/\/mixme.pl\/en\/produkt\/zestaw-barmanski-do-drinkow-spritz\/","title":{"rendered":"Bartender Set for Spritz Drinks"},"content":{"rendered":"<p><strong>It is also worth mentioning that:<\/strong><\/p>\n<p>From four Mix Me flavors, which can be mixed with all sparkling wines, both alcoholic and alcohol-free, you will create as many as 40 Spritzes! (50 ml Mix Me + 100 ml sparkling wine).<\/p>\n<p>The long spoon will allow comfortable stirring even in the deepest glasses, and the highest quality measure designed by Marek Pos\u0142uszny allows for measuring the perfect portion of Mix Me and wine. The stopper will ensure that the remaining wine stays sparkling even several hours later.<\/p>\n<p><strong>From 4 Mix Me bottles you can prepare, among others:<\/strong><\/p>\n<ul>\n<li>40 x Mix Me Spritz (50 ml Mix Me + 100 ml prosecco)<\/li>\n<li>32 x short drink (60 ml Mix Me + 40 ml strong alcohol)<\/li>\n<li>32 x Mix Me Lemonade (60 ml Mix Me + 120 ml sparkling water)<\/li>\n<li>128 x colorful shots (60 ml Mix Me + 40 ml strong alcohol = 4 shots)<\/li>\n<li>6 x 1l jug (from each flavor you will create 1.5 jugs; one cocktail jug is e.g., 330 ml Mix Me + 200 ml gin + 350 ml prosecco. Add ice, fruit and ready!)<\/li>\n<\/ul>\n<p>Regular price: <strong>263.86 PLN<\/strong><\/p>\n<p>DISCOUNT -9%<\/p>\n<p>Set price<strong> 240.11 PLN<\/strong><\/p>\n<p><span style=\"text-decoration: underline;\">You save 23.75 PLN<\/span><\/p>\n","protected":false},"excerpt":{"rendered":"<p>Spritzers, who doesn&#8217;t like them? These cocktails will make any social gathering pleasant. They\u2026 ","protected":false},"featured_media":2844,"template":"","meta":{"_acf_changed":false,"pgc_sgb_lightbox_settings":""},"product_brand":[],"product_cat":[185],"product_tag":[],"class_list":{"0":"post-2971","1":"product","2":"type-product","3":"status-publish","4":"has-post-thumbnail","6":"product_cat-kits","8":"first","9":"instock","10":"sale","11":"taxable","12":"shipping-taxable","13":"purchasable","14":"product-type-woosb"},"acf":[],"yoast_head":"<!-- This site is optimized with the Yoast SEO plugin v26.4 - https:\/\/yoast.com\/wordpress\/plugins\/seo\/ -->\n<title>Bartender Set for Spritz Drinks - Mix Me<\/title>\n<meta name=\"description\" content=\"Spritz \/ drinki musuj\u0105ce \/ drinki z prosecco. Zobacz ten zestaw do drink\u00f3w typu Spritz stworzony z my\u015bl\u0105 o drinkach na bazie wina bezalkoholowego lub z %.\" \/>\n<meta name=\"robots\" content=\"index, follow, max-snippet:-1, max-image-preview:large, max-video-preview:-1\" \/>\n<link rel=\"canonical\" href=\"https:\/\/mixme.pl\/en\/produkt\/zestaw-barmanski-do-drinkow-spritz\/\" \/>\n<meta property=\"og:locale\" content=\"en_US\" \/>\n<meta property=\"og:type\" content=\"article\" \/>\n<meta property=\"og:title\" content=\"Bartender Set for Spritz Drinks - Mix Me\" \/>\n<meta property=\"og:description\" content=\"Spritz \/ drinki musuj\u0105ce \/ drinki z prosecco. Zobacz ten zestaw do drink\u00f3w typu Spritz stworzony z my\u015bl\u0105 o drinkach na bazie wina bezalkoholowego lub z %.\" \/>\n<meta property=\"og:url\" content=\"https:\/\/mixme.pl\/en\/produkt\/zestaw-barmanski-do-drinkow-spritz\/\" \/>\n<meta property=\"og:site_name\" content=\"Mix Me\" \/>\n<meta property=\"article:publisher\" content=\"https:\/\/www.facebook.com\/profile.php?id=100084374207899\" \/>\n<meta property=\"article:modified_time\" content=\"2025-11-25T15:51:31+00:00\" \/>\n<meta property=\"og:image\" content=\"https:\/\/mixme.pl\/wp-content\/uploads\/2024\/02\/zestaw-do-spritzow-RESIZE-e1691413642137.webp\" \/>\n\t<meta property=\"og:image:width\" content=\"1281\" \/>\n\t<meta property=\"og:image:height\" content=\"1202\" \/>\n\t<meta property=\"og:image:type\" content=\"image\/webp\" \/>\n<meta name=\"twitter:card\" content=\"summary_large_image\" \/>\n<meta name=\"twitter:label1\" content=\"Est. reading time\" \/>\n\t<meta name=\"twitter:data1\" content=\"2 minutes\" \/>\n<script type=\"application\/ld+json\" class=\"yoast-schema-graph\">{\"@context\":\"https:\/\/schema.org\",\"@graph\":[{\"@type\":\"WebPage\",\"@id\":\"https:\/\/mixme.pl\/en\/produkt\/zestaw-barmanski-do-drinkow-spritz\/\",\"url\":\"https:\/\/mixme.pl\/en\/produkt\/zestaw-barmanski-do-drinkow-spritz\/\",\"name\":\"Bartender Set for Spritz Drinks - Mix Me\",\"isPartOf\":{\"@id\":\"https:\/\/mixme.pl\/en\/#website\"},\"primaryImageOfPage\":{\"@id\":\"https:\/\/mixme.pl\/en\/produkt\/zestaw-barmanski-do-drinkow-spritz\/#primaryimage\"},\"image\":{\"@id\":\"https:\/\/mixme.pl\/en\/produkt\/zestaw-barmanski-do-drinkow-spritz\/#primaryimage\"},\"thumbnailUrl\":\"https:\/\/mixme.pl\/wp-content\/uploads\/2024\/02\/zestaw-do-spritzow-RESIZE-e1691413642137.webp\",\"datePublished\":\"2023-07-24T12:00:20+00:00\",\"dateModified\":\"2025-11-25T15:51:31+00:00\",\"description\":\"Spritz \/ drinki musuj\u0105ce \/ drinki z prosecco. Zobacz ten zestaw do drink\u00f3w typu Spritz stworzony z my\u015bl\u0105 o drinkach na bazie wina bezalkoholowego lub z %.\",\"breadcrumb\":{\"@id\":\"https:\/\/mixme.pl\/en\/produkt\/zestaw-barmanski-do-drinkow-spritz\/#breadcrumb\"},\"inLanguage\":\"en-US\",\"potentialAction\":[{\"@type\":\"ReadAction\",\"target\":[\"https:\/\/mixme.pl\/en\/produkt\/zestaw-barmanski-do-drinkow-spritz\/\"]}]},{\"@type\":\"ImageObject\",\"inLanguage\":\"en-US\",\"@id\":\"https:\/\/mixme.pl\/en\/produkt\/zestaw-barmanski-do-drinkow-spritz\/#primaryimage\",\"url\":\"https:\/\/mixme.pl\/wp-content\/uploads\/2024\/02\/zestaw-do-spritzow-RESIZE-e1691413642137.webp\",\"contentUrl\":\"https:\/\/mixme.pl\/wp-content\/uploads\/2024\/02\/zestaw-do-spritzow-RESIZE-e1691413642137.webp\",\"width\":1281,\"height\":1202},{\"@type\":\"BreadcrumbList\",\"@id\":\"https:\/\/mixme.pl\/en\/produkt\/zestaw-barmanski-do-drinkow-spritz\/#breadcrumb\",\"itemListElement\":[{\"@type\":\"ListItem\",\"position\":1,\"name\":\"Strona g\u0142\u00f3wna\",\"item\":\"https:\/\/mixme.pl\/en\/\"},{\"@type\":\"ListItem\",\"position\":2,\"name\":\"Products\",\"item\":\"https:\/\/mixme.pl\/en\/shop\/\"},{\"@type\":\"ListItem\",\"position\":3,\"name\":\"Bartender Set for Spritz Drinks\"}]},{\"@type\":\"WebSite\",\"@id\":\"https:\/\/mixme.pl\/en\/#website\",\"url\":\"https:\/\/mixme.pl\/en\/\",\"name\":\"Mix Me\",\"description\":\"Baw si\u0119 smakiem!\",\"publisher\":{\"@id\":\"https:\/\/mixme.pl\/en\/#organization\"},\"potentialAction\":[{\"@type\":\"SearchAction\",\"target\":{\"@type\":\"EntryPoint\",\"urlTemplate\":\"https:\/\/mixme.pl\/en\/?s={search_term_string}\"},\"query-input\":{\"@type\":\"PropertyValueSpecification\",\"valueRequired\":true,\"valueName\":\"search_term_string\"}}],\"inLanguage\":\"en-US\"},{\"@type\":\"Organization\",\"@id\":\"https:\/\/mixme.pl\/en\/#organization\",\"name\":\"Mix Me\",\"url\":\"https:\/\/mixme.pl\/en\/\",\"logo\":{\"@type\":\"ImageObject\",\"inLanguage\":\"en-US\",\"@id\":\"https:\/\/mixme.pl\/en\/#\/schema\/logo\/image\/\",\"url\":\"https:\/\/mixme.pl\/wp-content\/uploads\/2023\/06\/logo_menu.svg\",\"contentUrl\":\"https:\/\/mixme.pl\/wp-content\/uploads\/2023\/06\/logo_menu.svg\",\"width\":150,\"height\":31,\"caption\":\"Mix Me\"},\"image\":{\"@id\":\"https:\/\/mixme.pl\/en\/#\/schema\/logo\/image\/\"},\"sameAs\":[\"https:\/\/www.facebook.com\/profile.php?id=100084374207899\"]}]}<\/script>\n<!-- \/ Yoast SEO plugin. -->","yoast_head_json":{"title":"Bartender Set for Spritz Drinks - Mix Me","description":"Spritz \/ drinki musuj\u0105ce \/ drinki z prosecco. Zobacz ten zestaw do drink\u00f3w typu Spritz stworzony z my\u015bl\u0105 o drinkach na bazie wina bezalkoholowego lub z %.","robots":{"index":"index","follow":"follow","max-snippet":"max-snippet:-1","max-image-preview":"max-image-preview:large","max-video-preview":"max-video-preview:-1"},"canonical":"https:\/\/mixme.pl\/en\/produkt\/zestaw-barmanski-do-drinkow-spritz\/","og_locale":"en_US","og_type":"article","og_title":"Bartender Set for Spritz Drinks - Mix Me","og_description":"Spritz \/ drinki musuj\u0105ce \/ drinki z prosecco. Zobacz ten zestaw do drink\u00f3w typu Spritz stworzony z my\u015bl\u0105 o drinkach na bazie wina bezalkoholowego lub z %.","og_url":"https:\/\/mixme.pl\/en\/produkt\/zestaw-barmanski-do-drinkow-spritz\/","og_site_name":"Mix Me","article_publisher":"https:\/\/www.facebook.com\/profile.php?id=100084374207899","article_modified_time":"2025-11-25T15:51:31+00:00","og_image":[{"width":1281,"height":1202,"url":"https:\/\/mixme.pl\/wp-content\/uploads\/2024\/02\/zestaw-do-spritzow-RESIZE-e1691413642137.webp","type":"image\/webp"}],"twitter_card":"summary_large_image","twitter_misc":{"Est. reading time":"2 minutes"},"schema":{"@context":"https:\/\/schema.org","@graph":[{"@type":"WebPage","@id":"https:\/\/mixme.pl\/en\/produkt\/zestaw-barmanski-do-drinkow-spritz\/","url":"https:\/\/mixme.pl\/en\/produkt\/zestaw-barmanski-do-drinkow-spritz\/","name":"Bartender Set for Spritz Drinks - Mix Me","isPartOf":{"@id":"https:\/\/mixme.pl\/en\/#website"},"primaryImageOfPage":{"@id":"https:\/\/mixme.pl\/en\/produkt\/zestaw-barmanski-do-drinkow-spritz\/#primaryimage"},"image":{"@id":"https:\/\/mixme.pl\/en\/produkt\/zestaw-barmanski-do-drinkow-spritz\/#primaryimage"},"thumbnailUrl":"https:\/\/mixme.pl\/wp-content\/uploads\/2024\/02\/zestaw-do-spritzow-RESIZE-e1691413642137.webp","datePublished":"2023-07-24T12:00:20+00:00","dateModified":"2025-11-25T15:51:31+00:00","description":"Spritz \/ drinki musuj\u0105ce \/ drinki z prosecco. Zobacz ten zestaw do drink\u00f3w typu Spritz stworzony z my\u015bl\u0105 o drinkach na bazie wina bezalkoholowego lub z %.","breadcrumb":{"@id":"https:\/\/mixme.pl\/en\/produkt\/zestaw-barmanski-do-drinkow-spritz\/#breadcrumb"},"inLanguage":"en-US","potentialAction":[{"@type":"ReadAction","target":["https:\/\/mixme.pl\/en\/produkt\/zestaw-barmanski-do-drinkow-spritz\/"]}]},{"@type":"ImageObject","inLanguage":"en-US","@id":"https:\/\/mixme.pl\/en\/produkt\/zestaw-barmanski-do-drinkow-spritz\/#primaryimage","url":"https:\/\/mixme.pl\/wp-content\/uploads\/2024\/02\/zestaw-do-spritzow-RESIZE-e1691413642137.webp","contentUrl":"https:\/\/mixme.pl\/wp-content\/uploads\/2024\/02\/zestaw-do-spritzow-RESIZE-e1691413642137.webp","width":1281,"height":1202},{"@type":"BreadcrumbList","@id":"https:\/\/mixme.pl\/en\/produkt\/zestaw-barmanski-do-drinkow-spritz\/#breadcrumb","itemListElement":[{"@type":"ListItem","position":1,"name":"Strona g\u0142\u00f3wna","item":"https:\/\/mixme.pl\/en\/"},{"@type":"ListItem","position":2,"name":"Products","item":"https:\/\/mixme.pl\/en\/shop\/"},{"@type":"ListItem","position":3,"name":"Bartender Set for Spritz Drinks"}]},{"@type":"WebSite","@id":"https:\/\/mixme.pl\/en\/#website","url":"https:\/\/mixme.pl\/en\/","name":"Mix Me","description":"Baw si\u0119 smakiem!","publisher":{"@id":"https:\/\/mixme.pl\/en\/#organization"},"potentialAction":[{"@type":"SearchAction","target":{"@type":"EntryPoint","urlTemplate":"https:\/\/mixme.pl\/en\/?s={search_term_string}"},"query-input":{"@type":"PropertyValueSpecification","valueRequired":true,"valueName":"search_term_string"}}],"inLanguage":"en-US"},{"@type":"Organization","@id":"https:\/\/mixme.pl\/en\/#organization","name":"Mix Me","url":"https:\/\/mixme.pl\/en\/","logo":{"@type":"ImageObject","inLanguage":"en-US","@id":"https:\/\/mixme.pl\/en\/#\/schema\/logo\/image\/","url":"https:\/\/mixme.pl\/wp-content\/uploads\/2023\/06\/logo_menu.svg","contentUrl":"https:\/\/mixme.pl\/wp-content\/uploads\/2023\/06\/logo_menu.svg","width":150,"height":31,"caption":"Mix Me"},"image":{"@id":"https:\/\/mixme.pl\/en\/#\/schema\/logo\/image\/"},"sameAs":["https:\/\/www.facebook.com\/profile.php?id=100084374207899"]}]}},"_links":{"self":[{"href":"https:\/\/mixme.pl\/en\/wp-json\/wp\/v2\/product\/2971","targetHints":{"allow":["GET"]}}],"collection":[{"href":"https:\/\/mixme.pl\/en\/wp-json\/wp\/v2\/product"}],"about":[{"href":"https:\/\/mixme.pl\/en\/wp-json\/wp\/v2\/types\/product"}],"wp:featuredmedia":[{"embeddable":true,"href":"https:\/\/mixme.pl\/en\/wp-json\/wp\/v2\/media\/2844"}],"wp:attachment":[{"href":"https:\/\/mixme.pl\/en\/wp-json\/wp\/v2\/media?parent=2971"}],"wp:term":[{"taxonomy":"product_brand","embeddable":true,"href":"https:\/\/mixme.pl\/en\/wp-json\/wp\/v2\/product_brand?post=2971"},{"taxonomy":"product_cat","embeddable":true,"href":"https:\/\/mixme.pl\/en\/wp-json\/wp\/v2\/product_cat?post=2971"},{"taxonomy":"product_tag","embeddable":true,"href":"https:\/\/mixme.pl\/en\/wp-json\/wp\/v2\/product_tag?post=2971"}],"curies":[{"name":"wp","href":"https:\/\/api.w.org\/{rel}","templated":true}]}}