{"id":2921,"date":"2023-05-15T12:38:10","date_gmt":"2023-05-15T10:38:10","guid":{"rendered":"https:\/\/mixme.pl\/ratujemy-pszczoly\/"},"modified":"2025-11-25T13:53:57","modified_gmt":"2025-11-25T12:53:57","slug":"lets-be-aware","status":"publish","type":"page","link":"https:\/\/mixme.pl\/en\/lets-be-aware\/","title":{"rendered":"Let&#8217;s be aware"},"content":{"rendered":"","protected":false},"excerpt":{"rendered":"","protected":false},"author":1,"featured_media":2846,"parent":0,"menu_order":0,"comment_status":"closed","ping_status":"closed","template":"template-parts\/template-bee.php","meta":{"_acf_changed":false,"pgc_sgb_lightbox_settings":"","footnotes":""},"class_list":["post-2921","page","type-page","status-publish","has-post-thumbnail","hentry"],"acf":[],"yoast_head":"<!-- This site is optimized with the Yoast SEO plugin v26.4 - https:\/\/yoast.com\/wordpress\/plugins\/seo\/ -->\n<title>Dla pszcz\u00f3\u0142 - ratujemy pszczo\u0142y! | mixme.pl<\/title>\n<meta name=\"description\" content=\"Dla pszcz\u00f3\u0142 - ratujemy pszczo\u0142y! Pszczo\u0142y s\u0105 niezwykle wa\u017cne dla naszego ekosystemu. Zobacz, co dla pszcz\u00f3\u0142 robi Mix Me!\" \/>\n<meta name=\"robots\" content=\"index, follow, max-snippet:-1, max-image-preview:large, max-video-preview:-1\" \/>\n<link rel=\"canonical\" href=\"https:\/\/mixme.pl\/en\/lets-be-aware\/\" \/>\n<meta property=\"og:locale\" content=\"en_US\" \/>\n<meta property=\"og:type\" content=\"article\" \/>\n<meta property=\"og:title\" content=\"Dla pszcz\u00f3\u0142 - ratujemy pszczo\u0142y! | mixme.pl\" \/>\n<meta property=\"og:description\" content=\"Dla pszcz\u00f3\u0142 - ratujemy pszczo\u0142y! Pszczo\u0142y s\u0105 niezwykle wa\u017cne dla naszego ekosystemu. Zobacz, co dla pszcz\u00f3\u0142 robi Mix Me!\" \/>\n<meta property=\"og:url\" content=\"https:\/\/mixme.pl\/en\/lets-be-aware\/\" \/>\n<meta property=\"og:site_name\" content=\"Mix Me\" \/>\n<meta property=\"article:publisher\" content=\"https:\/\/www.facebook.com\/profile.php?id=100084374207899\" \/>\n<meta property=\"article:modified_time\" content=\"2025-11-25T12:53:57+00:00\" \/>\n<meta property=\"og:image\" content=\"https:\/\/mixme.pl\/wp-content\/uploads\/2024\/02\/pszczoly.webp\" \/>\n\t<meta property=\"og:image:width\" content=\"830\" \/>\n\t<meta property=\"og:image:height\" content=\"977\" \/>\n\t<meta property=\"og:image:type\" content=\"image\/webp\" \/>\n<meta name=\"twitter:card\" content=\"summary_large_image\" \/>\n<meta name=\"twitter:label1\" content=\"Est. reading time\" \/>\n\t<meta name=\"twitter:data1\" content=\"1 minute\" \/>\n<script type=\"application\/ld+json\" class=\"yoast-schema-graph\">{\"@context\":\"https:\/\/schema.org\",\"@graph\":[{\"@type\":\"WebPage\",\"@id\":\"https:\/\/mixme.pl\/en\/lets-be-aware\/\",\"url\":\"https:\/\/mixme.pl\/en\/lets-be-aware\/\",\"name\":\"Dla pszcz\u00f3\u0142 - ratujemy pszczo\u0142y! | mixme.pl\",\"isPartOf\":{\"@id\":\"https:\/\/mixme.pl\/en\/#website\"},\"primaryImageOfPage\":{\"@id\":\"https:\/\/mixme.pl\/en\/lets-be-aware\/#primaryimage\"},\"image\":{\"@id\":\"https:\/\/mixme.pl\/en\/lets-be-aware\/#primaryimage\"},\"thumbnailUrl\":\"https:\/\/mixme.pl\/wp-content\/uploads\/2024\/02\/pszczoly.webp\",\"datePublished\":\"2023-05-15T10:38:10+00:00\",\"dateModified\":\"2025-11-25T12:53:57+00:00\",\"description\":\"Dla pszcz\u00f3\u0142 - ratujemy pszczo\u0142y! Pszczo\u0142y s\u0105 niezwykle wa\u017cne dla naszego ekosystemu. Zobacz, co dla pszcz\u00f3\u0142 robi Mix Me!\",\"breadcrumb\":{\"@id\":\"https:\/\/mixme.pl\/en\/lets-be-aware\/#breadcrumb\"},\"inLanguage\":\"en-US\",\"potentialAction\":[{\"@type\":\"ReadAction\",\"target\":[\"https:\/\/mixme.pl\/en\/lets-be-aware\/\"]}]},{\"@type\":\"ImageObject\",\"inLanguage\":\"en-US\",\"@id\":\"https:\/\/mixme.pl\/en\/lets-be-aware\/#primaryimage\",\"url\":\"https:\/\/mixme.pl\/wp-content\/uploads\/2024\/02\/pszczoly.webp\",\"contentUrl\":\"https:\/\/mixme.pl\/wp-content\/uploads\/2024\/02\/pszczoly.webp\",\"width\":830,\"height\":977},{\"@type\":\"BreadcrumbList\",\"@id\":\"https:\/\/mixme.pl\/en\/lets-be-aware\/#breadcrumb\",\"itemListElement\":[{\"@type\":\"ListItem\",\"position\":1,\"name\":\"Strona g\u0142\u00f3wna\",\"item\":\"https:\/\/mixme.pl\/en\/\"},{\"@type\":\"ListItem\",\"position\":2,\"name\":\"Let&#8217;s be aware\"}]},{\"@type\":\"WebSite\",\"@id\":\"https:\/\/mixme.pl\/en\/#website\",\"url\":\"https:\/\/mixme.pl\/en\/\",\"name\":\"Mix Me\",\"description\":\"Baw si\u0119 smakiem!\",\"publisher\":{\"@id\":\"https:\/\/mixme.pl\/en\/#organization\"},\"potentialAction\":[{\"@type\":\"SearchAction\",\"target\":{\"@type\":\"EntryPoint\",\"urlTemplate\":\"https:\/\/mixme.pl\/en\/?s={search_term_string}\"},\"query-input\":{\"@type\":\"PropertyValueSpecification\",\"valueRequired\":true,\"valueName\":\"search_term_string\"}}],\"inLanguage\":\"en-US\"},{\"@type\":\"Organization\",\"@id\":\"https:\/\/mixme.pl\/en\/#organization\",\"name\":\"Mix Me\",\"url\":\"https:\/\/mixme.pl\/en\/\",\"logo\":{\"@type\":\"ImageObject\",\"inLanguage\":\"en-US\",\"@id\":\"https:\/\/mixme.pl\/en\/#\/schema\/logo\/image\/\",\"url\":\"https:\/\/mixme.pl\/wp-content\/uploads\/2023\/06\/logo_menu.svg\",\"contentUrl\":\"https:\/\/mixme.pl\/wp-content\/uploads\/2023\/06\/logo_menu.svg\",\"width\":150,\"height\":31,\"caption\":\"Mix Me\"},\"image\":{\"@id\":\"https:\/\/mixme.pl\/en\/#\/schema\/logo\/image\/\"},\"sameAs\":[\"https:\/\/www.facebook.com\/profile.php?id=100084374207899\"]}]}<\/script>\n<!-- \/ Yoast SEO plugin. -->","yoast_head_json":{"title":"Dla pszcz\u00f3\u0142 - ratujemy pszczo\u0142y! | mixme.pl","description":"Dla pszcz\u00f3\u0142 - ratujemy pszczo\u0142y! Pszczo\u0142y s\u0105 niezwykle wa\u017cne dla naszego ekosystemu. Zobacz, co dla pszcz\u00f3\u0142 robi Mix Me!","robots":{"index":"index","follow":"follow","max-snippet":"max-snippet:-1","max-image-preview":"max-image-preview:large","max-video-preview":"max-video-preview:-1"},"canonical":"https:\/\/mixme.pl\/en\/lets-be-aware\/","og_locale":"en_US","og_type":"article","og_title":"Dla pszcz\u00f3\u0142 - ratujemy pszczo\u0142y! | mixme.pl","og_description":"Dla pszcz\u00f3\u0142 - ratujemy pszczo\u0142y! Pszczo\u0142y s\u0105 niezwykle wa\u017cne dla naszego ekosystemu. Zobacz, co dla pszcz\u00f3\u0142 robi Mix Me!","og_url":"https:\/\/mixme.pl\/en\/lets-be-aware\/","og_site_name":"Mix Me","article_publisher":"https:\/\/www.facebook.com\/profile.php?id=100084374207899","article_modified_time":"2025-11-25T12:53:57+00:00","og_image":[{"width":830,"height":977,"url":"https:\/\/mixme.pl\/wp-content\/uploads\/2024\/02\/pszczoly.webp","type":"image\/webp"}],"twitter_card":"summary_large_image","twitter_misc":{"Est. reading time":"1 minute"},"schema":{"@context":"https:\/\/schema.org","@graph":[{"@type":"WebPage","@id":"https:\/\/mixme.pl\/en\/lets-be-aware\/","url":"https:\/\/mixme.pl\/en\/lets-be-aware\/","name":"Dla pszcz\u00f3\u0142 - ratujemy pszczo\u0142y! | mixme.pl","isPartOf":{"@id":"https:\/\/mixme.pl\/en\/#website"},"primaryImageOfPage":{"@id":"https:\/\/mixme.pl\/en\/lets-be-aware\/#primaryimage"},"image":{"@id":"https:\/\/mixme.pl\/en\/lets-be-aware\/#primaryimage"},"thumbnailUrl":"https:\/\/mixme.pl\/wp-content\/uploads\/2024\/02\/pszczoly.webp","datePublished":"2023-05-15T10:38:10+00:00","dateModified":"2025-11-25T12:53:57+00:00","description":"Dla pszcz\u00f3\u0142 - ratujemy pszczo\u0142y! Pszczo\u0142y s\u0105 niezwykle wa\u017cne dla naszego ekosystemu. Zobacz, co dla pszcz\u00f3\u0142 robi Mix Me!","breadcrumb":{"@id":"https:\/\/mixme.pl\/en\/lets-be-aware\/#breadcrumb"},"inLanguage":"en-US","potentialAction":[{"@type":"ReadAction","target":["https:\/\/mixme.pl\/en\/lets-be-aware\/"]}]},{"@type":"ImageObject","inLanguage":"en-US","@id":"https:\/\/mixme.pl\/en\/lets-be-aware\/#primaryimage","url":"https:\/\/mixme.pl\/wp-content\/uploads\/2024\/02\/pszczoly.webp","contentUrl":"https:\/\/mixme.pl\/wp-content\/uploads\/2024\/02\/pszczoly.webp","width":830,"height":977},{"@type":"BreadcrumbList","@id":"https:\/\/mixme.pl\/en\/lets-be-aware\/#breadcrumb","itemListElement":[{"@type":"ListItem","position":1,"name":"Strona g\u0142\u00f3wna","item":"https:\/\/mixme.pl\/en\/"},{"@type":"ListItem","position":2,"name":"Let&#8217;s be aware"}]},{"@type":"WebSite","@id":"https:\/\/mixme.pl\/en\/#website","url":"https:\/\/mixme.pl\/en\/","name":"Mix Me","description":"Baw si\u0119 smakiem!","publisher":{"@id":"https:\/\/mixme.pl\/en\/#organization"},"potentialAction":[{"@type":"SearchAction","target":{"@type":"EntryPoint","urlTemplate":"https:\/\/mixme.pl\/en\/?s={search_term_string}"},"query-input":{"@type":"PropertyValueSpecification","valueRequired":true,"valueName":"search_term_string"}}],"inLanguage":"en-US"},{"@type":"Organization","@id":"https:\/\/mixme.pl\/en\/#organization","name":"Mix Me","url":"https:\/\/mixme.pl\/en\/","logo":{"@type":"ImageObject","inLanguage":"en-US","@id":"https:\/\/mixme.pl\/en\/#\/schema\/logo\/image\/","url":"https:\/\/mixme.pl\/wp-content\/uploads\/2023\/06\/logo_menu.svg","contentUrl":"https:\/\/mixme.pl\/wp-content\/uploads\/2023\/06\/logo_menu.svg","width":150,"height":31,"caption":"Mix Me"},"image":{"@id":"https:\/\/mixme.pl\/en\/#\/schema\/logo\/image\/"},"sameAs":["https:\/\/www.facebook.com\/profile.php?id=100084374207899"]}]}},"_links":{"self":[{"href":"https:\/\/mixme.pl\/en\/wp-json\/wp\/v2\/pages\/2921","targetHints":{"allow":["GET"]}}],"collection":[{"href":"https:\/\/mixme.pl\/en\/wp-json\/wp\/v2\/pages"}],"about":[{"href":"https:\/\/mixme.pl\/en\/wp-json\/wp\/v2\/types\/page"}],"author":[{"embeddable":true,"href":"https:\/\/mixme.pl\/en\/wp-json\/wp\/v2\/users\/1"}],"replies":[{"embeddable":true,"href":"https:\/\/mixme.pl\/en\/wp-json\/wp\/v2\/comments?post=2921"}],"version-history":[{"count":4,"href":"https:\/\/mixme.pl\/en\/wp-json\/wp\/v2\/pages\/2921\/revisions"}],"predecessor-version":[{"id":3994,"href":"https:\/\/mixme.pl\/en\/wp-json\/wp\/v2\/pages\/2921\/revisions\/3994"}],"wp:featuredmedia":[{"embeddable":true,"href":"https:\/\/mixme.pl\/en\/wp-json\/wp\/v2\/media\/2846"}],"wp:attachment":[{"href":"https:\/\/mixme.pl\/en\/wp-json\/wp\/v2\/media?parent=2921"}],"curies":[{"name":"wp","href":"https:\/\/api.w.org\/{rel}","templated":true}]}}